{"id":2,"date":"2024-08-22T16:54:47","date_gmt":"2024-08-22T14:54:47","guid":{"rendered":"https:\/\/www.glssecurity.fr\/?page_id=2"},"modified":"2024-08-22T18:24:28","modified_gmt":"2024-08-22T16:24:28","slug":"mentionslegales","status":"publish","type":"page","link":"https:\/\/www.glssecurity.fr\/en\/mentionslegales\/","title":{"rendered":"Mentions L\u00e9gales"},"content":{"rendered":"<div data-elementor-type=\"wp-page\" data-elementor-id=\"2\" class=\"elementor elementor-2\">\n\t\t\t\t\t\t<section class=\"elementor-section elementor-top-section elementor-element elementor-element-1b82ae1c elementor-section-boxed elementor-section-height-default elementor-section-height-default\" data-id=\"1b82ae1c\" data-element_type=\"section\" data-e-type=\"section\">\n\t\t\t\t\t\t<div class=\"elementor-container elementor-column-gap-default\">\n\t\t\t\t\t<div class=\"elementor-column elementor-col-100 elementor-top-column elementor-element elementor-element-21c028c5\" data-id=\"21c028c5\" data-element_type=\"column\" data-e-type=\"column\">\n\t\t\t<div class=\"elementor-widget-wrap elementor-element-populated\">\n\t\t\t\t\t\t<div class=\"elementor-element elementor-element-45f908af elementor-widget elementor-widget-text-editor\" data-id=\"45f908af\" data-element_type=\"widget\" data-e-type=\"widget\" data-widget_type=\"text-editor.default\">\n\t\t\t\t<div class=\"elementor-widget-container\">\n\t\t\t\t\t\t\t\t\t<p><\/p>\n<p><br><\/p>\n<p style=\"margin-right: 0px; margin-bottom: 0px; margin-left: 0px; font-variant-numeric: normal; font-variant-east-asian: normal; font-variant-alternates: normal; font-kerning: auto; font-optical-sizing: auto; font-feature-settings: normal; font-variation-settings: normal; font-variant-position: normal; font-stretch: normal; font-size: 13px; line-height: normal; font-family: &quot;Helvetica Neue&quot;; color: rgb(0, 0, 0);\">Conform\u00e9ment aux dispositions de la loi n\u00b02004-575 du 21 juin 2004 pour la Confiance en l\u2019\u00e9conomie num\u00e9rique, il est port\u00e9 \u00e0 la connaissance des utilisateurs et visiteurs, ci-apr\u00e8s l&#8217; &#8220;<b>Utilisateur<\/b>&#8220;, du site www.glssecurity.fr , ci-apr\u00e8s le &#8220;<b>Site<\/b>&#8220;, les pr\u00e9sentes mentions l\u00e9gales.<span>&nbsp;<\/span><\/p>\n<p style=\"margin-right: 0px; margin-bottom: 0px; margin-left: 0px; font-variant-numeric: normal; font-variant-east-asian: normal; font-variant-alternates: normal; font-kerning: auto; font-optical-sizing: auto; font-feature-settings: normal; font-variation-settings: normal; font-variant-position: normal; font-stretch: normal; font-size: 13px; line-height: normal; font-family: &quot;Helvetica Neue&quot;; color: rgb(0, 0, 0);\">La connexion et la navigation sur le Site par l\u2019Utilisateur implique acceptation int\u00e9grale et sans r\u00e9serve des pr\u00e9sentes mentions l\u00e9gales.<span>&nbsp;<\/span><\/p>\n<p style=\"margin-right: 0px; margin-bottom: 0px; margin-left: 0px; font-variant-numeric: normal; font-variant-east-asian: normal; font-variant-alternates: normal; font-kerning: auto; font-optical-sizing: auto; font-feature-settings: normal; font-variation-settings: normal; font-variant-position: normal; font-stretch: normal; font-size: 13px; line-height: normal; font-family: &quot;Helvetica Neue&quot;; color: rgb(0, 0, 0);\">Ces derni\u00e8res sont accessibles sur le Site \u00e0 la rubrique &#8220;<b>Legal notices<\/b>&#8220;.<span>&nbsp;<\/span><\/p>\n<p style=\"margin-right: 0px; margin-bottom: 0px; margin-left: 0px; font-variant-numeric: normal; font-variant-east-asian: normal; font-variant-alternates: normal; font-kerning: auto; font-optical-sizing: auto; font-feature-settings: normal; font-variation-settings: normal; font-variant-position: normal; font-stretch: normal; font-size: 13px; line-height: normal; font-family: &quot;Helvetica Neue&quot;; color: rgb(0, 0, 0);\"><span><br><\/span><\/p>\n<p style=\"margin-right: 0px; margin-bottom: 2px; margin-left: 0px; font-variant-numeric: normal; font-variant-east-asian: normal; font-variant-alternates: normal; font-kerning: auto; font-optical-sizing: auto; font-feature-settings: normal; font-variation-settings: normal; font-variant-position: normal; font-stretch: normal; font-size: 16px; line-height: normal; font-family: &quot;Helvetica Neue&quot;; color: rgb(0, 0, 0);\"><b>EDITION DU SITE<span>&nbsp;<\/span><\/b><\/p>\n<p style=\"margin-right: 0px; margin-bottom: 0px; margin-left: 0px; font-variant-numeric: normal; font-variant-east-asian: normal; font-variant-alternates: normal; font-kerning: auto; font-optical-sizing: auto; font-feature-settings: normal; font-variation-settings: normal; font-variant-position: normal; font-stretch: normal; font-size: 13px; line-height: normal; font-family: &quot;Helvetica Neue&quot;; color: rgb(0, 0, 0);\">L&#8217;\u00e9dition du Site est assur\u00e9e par la soci\u00e9t\u00e9 Groupe Lavagna S\u00e9curit\u00e9, SAS au capital de 91000,00 euros, immatricul\u00e9e au Registre du Commerce et des Soci\u00e9t\u00e9s de Fr\u00e9jus sous le num\u00e9ro 903629368 dont le si\u00e8ge social est situ\u00e9 au 1100 RD 98, Les Cyclades, 83580 GASSIN &#8211; France,<br>&gt; <b>Num\u00e9ro de t\u00e9l\u00e9phone <\/b>: 33494969342<span>&nbsp;<\/span><\/p>\n<p style=\"margin-right: 0px; margin-bottom: 0px; margin-left: 0px; font-variant-numeric: normal; font-variant-east-asian: normal; font-variant-alternates: normal; font-kerning: auto; font-optical-sizing: auto; font-feature-settings: normal; font-variation-settings: normal; font-variant-position: normal; font-stretch: normal; font-size: 13px; line-height: normal; font-family: &quot;Helvetica Neue&quot;; color: rgb(0, 0, 0);\">&gt; <b>Adresse e-mail <\/b>: contact@glssecurity.fr.<br>&gt; <b>N\u00b0 de TVA intracommunautaire <\/b>: FR16903629368&nbsp;<\/p>\n<p style=\"margin-right: 0px; margin-bottom: 0px; margin-left: 0px; font-variant-numeric: normal; font-variant-east-asian: normal; font-variant-alternates: normal; font-kerning: auto; font-optical-sizing: auto; font-feature-settings: normal; font-variation-settings: normal; font-variant-position: normal; font-stretch: normal; font-size: 13px; line-height: normal; font-family: &quot;Helvetica Neue&quot;; color: rgb(0, 0, 0);\">&gt; <b>Directeur de la publication <\/b>: \u00c9ric LAVAGNA<span>&nbsp;<\/span><\/p>\n<p style=\"margin-right: 0px; margin-bottom: 0px; margin-left: 0px; font-variant-numeric: normal; font-variant-east-asian: normal; font-variant-alternates: normal; font-kerning: auto; font-optical-sizing: auto; font-feature-settings: normal; font-variation-settings: normal; font-variant-position: normal; font-stretch: normal; font-size: 13px; line-height: normal; font-family: &quot;Helvetica Neue&quot;; color: rgb(0, 0, 0);\">ci-apr\u00e8s l'&#8221;<b>Editeur<\/b>&#8220;.<\/p>\n<p style=\"margin-right: 0px; margin-bottom: 0px; margin-left: 0px; font-variant-numeric: normal; font-variant-east-asian: normal; font-variant-alternates: normal; font-kerning: auto; font-optical-sizing: auto; font-feature-settings: normal; font-variation-settings: normal; font-variant-position: normal; font-stretch: normal; font-size: 13px; line-height: normal; font-family: &quot;Helvetica Neue&quot;; color: rgb(0, 0, 0);\"><span>&nbsp;<\/span><\/p>\n<p style=\"margin-right: 0px; margin-bottom: 2px; margin-left: 0px; font-variant-numeric: normal; font-variant-east-asian: normal; font-variant-alternates: normal; font-kerning: auto; font-optical-sizing: auto; font-feature-settings: normal; font-variation-settings: normal; font-variant-position: normal; font-stretch: normal; font-size: 16px; line-height: normal; font-family: &quot;Helvetica Neue&quot;; color: rgb(0, 0, 0);\"><b>HEBERGEUR<span>&nbsp;<\/span><\/b><\/p>\n<p style=\"margin-right: 0px; margin-bottom: 0px; margin-left: 0px; font-variant-numeric: normal; font-variant-east-asian: normal; font-variant-alternates: normal; font-kerning: auto; font-optical-sizing: auto; font-feature-settings: normal; font-variation-settings: normal; font-variant-position: normal; font-stretch: normal; font-size: 13px; line-height: normal; font-family: &quot;Helvetica Neue&quot;; color: rgb(0, 0, 0);\">L&#8217;h\u00e9bergeur du Site est la soci\u00e9t\u00e9 Gandi, dont le si\u00e8ge social est situ\u00e9 au 63-65 boulevard Massena 75013 Paris .<span>&nbsp;<\/span><\/p>\n<p style=\"margin-right: 0px; margin-bottom: 0px; margin-left: 0px; font-variant-numeric: normal; font-variant-east-asian: normal; font-variant-alternates: normal; font-kerning: auto; font-optical-sizing: auto; font-feature-settings: normal; font-variation-settings: normal; font-variant-position: normal; font-stretch: normal; font-size: 13px; line-height: normal; font-family: &quot;Helvetica Neue&quot;; color: rgb(0, 0, 0);\"><span><br><\/span><\/p>\n<p style=\"margin-right: 0px; margin-bottom: 2px; margin-left: 0px; font-variant-numeric: normal; font-variant-east-asian: normal; font-variant-alternates: normal; font-kerning: auto; font-optical-sizing: auto; font-feature-settings: normal; font-variation-settings: normal; font-variant-position: normal; font-stretch: normal; font-size: 16px; line-height: normal; font-family: &quot;Helvetica Neue&quot;; color: rgb(0, 0, 0);\"><b>ACCES AU SITE<span>&nbsp;<\/span><\/b><\/p>\n<p style=\"margin-right: 0px; margin-bottom: 0px; margin-left: 0px; font-variant-numeric: normal; font-variant-east-asian: normal; font-variant-alternates: normal; font-kerning: auto; font-optical-sizing: auto; font-feature-settings: normal; font-variation-settings: normal; font-variant-position: normal; font-stretch: normal; font-size: 13px; line-height: normal; font-family: &quot;Helvetica Neue&quot;; color: rgb(0, 0, 0);\">Le Site est normalement accessible, \u00e0 tout moment, \u00e0 l&#8217;Utilisateur. Toutefois, l&#8217;Editeur pourra, \u00e0 tout moment, suspendre, limiter ou interrompre le Site afin de proc\u00e9der, notamment, \u00e0 des mises \u00e0 jour ou des modifications de son contenu. L&#8217;Editeur ne pourra en aucun cas \u00eatre tenu responsable des cons\u00e9quences \u00e9ventuelles de cette indisponibilit\u00e9 sur les activit\u00e9s de l&#8217;Utilisateur.<span>&nbsp;<\/span><\/p>\n<p style=\"margin-right: 0px; margin-bottom: 0px; margin-left: 0px; font-variant-numeric: normal; font-variant-east-asian: normal; font-variant-alternates: normal; font-kerning: auto; font-optical-sizing: auto; font-feature-settings: normal; font-variation-settings: normal; font-variant-position: normal; font-stretch: normal; font-size: 13px; line-height: normal; font-family: &quot;Helvetica Neue&quot;; color: rgb(0, 0, 0);\"><span><br><\/span><\/p>\n<p style=\"margin-right: 0px; margin-bottom: 2px; margin-left: 0px; font-variant-numeric: normal; font-variant-east-asian: normal; font-variant-alternates: normal; font-kerning: auto; font-optical-sizing: auto; font-feature-settings: normal; font-variation-settings: normal; font-variant-position: normal; font-stretch: normal; font-size: 16px; line-height: normal; font-family: &quot;Helvetica Neue&quot;; color: rgb(0, 0, 0);\"><b>HEBERGEUR<span>&nbsp;<\/span><\/b><\/p>\n<p style=\"margin-right: 0px; margin-bottom: 0px; margin-left: 0px; font-variant-numeric: normal; font-variant-east-asian: normal; font-variant-alternates: normal; font-kerning: auto; font-optical-sizing: auto; font-feature-settings: normal; font-variation-settings: normal; font-variant-position: normal; font-stretch: normal; font-size: 13px; line-height: normal; font-family: &quot;Helvetica Neue&quot;; color: rgb(0, 0, 0);\">L&#8217;h\u00e9bergeur du Site est la soci\u00e9t\u00e9 Gandi, dont le si\u00e8ge social est situ\u00e9 au 63-65 boulevard Massena 75013 Paris . Le num\u00e9ro de t\u00e9l\u00e9phone de l&#8217;h\u00e9bergeur est le 33170377661.<span>&nbsp;&nbsp;<\/span><\/p>\n<p style=\"margin-right: 0px; margin-bottom: 0px; margin-left: 0px; font-variant-numeric: normal; font-variant-east-asian: normal; font-variant-alternates: normal; font-kerning: auto; font-optical-sizing: auto; font-feature-settings: normal; font-variation-settings: normal; font-variant-position: normal; font-stretch: normal; font-size: 13px; line-height: normal; font-family: &quot;Helvetica Neue&quot;; min-height: 15px; color: rgb(0, 0, 0);\"><br><\/p>\n<p style=\"margin-right: 0px; margin-bottom: 2px; margin-left: 0px; font-variant-numeric: normal; font-variant-east-asian: normal; font-variant-alternates: normal; font-kerning: auto; font-optical-sizing: auto; font-feature-settings: normal; font-variation-settings: normal; font-variant-position: normal; font-stretch: normal; font-size: 16px; line-height: normal; font-family: &quot;Helvetica Neue&quot;; color: rgb(0, 0, 0);\"><b>ACCES AU SITE<span>&nbsp;<\/span><\/b><\/p>\n<p style=\"margin-right: 0px; margin-bottom: 0px; margin-left: 0px; font-variant-numeric: normal; font-variant-east-asian: normal; font-variant-alternates: normal; font-kerning: auto; font-optical-sizing: auto; font-feature-settings: normal; font-variation-settings: normal; font-variant-position: normal; font-stretch: normal; font-size: 13px; line-height: normal; font-family: &quot;Helvetica Neue&quot;; color: rgb(0, 0, 0);\">Le Site est normalement accessible, \u00e0 tout moment, \u00e0 l&#8217;Utilisateur. Toutefois, l&#8217;Editeur pourra, \u00e0 tout moment, suspendre, limiter ou interrompre le Site afin de proc\u00e9der, notamment, \u00e0 des mises \u00e0 jour ou des modifications de son contenu. L&#8217;Editeur ne pourra en aucun cas \u00eatre tenu responsable des cons\u00e9quences \u00e9ventuelles de cette indisponibilit\u00e9 sur les activit\u00e9s de l&#8217;Utilisateur.<span>&nbsp;<\/span><\/p>\n<p style=\"margin-right: 0px; margin-bottom: 0px; margin-left: 0px; font-variant-numeric: normal; font-variant-east-asian: normal; font-variant-alternates: normal; font-kerning: auto; font-optical-sizing: auto; font-feature-settings: normal; font-variation-settings: normal; font-variant-position: normal; font-stretch: normal; font-size: 13px; line-height: normal; font-family: &quot;Helvetica Neue&quot;; color: rgb(0, 0, 0);\">Toute utilisation, reproduction, diffusion, commercialisation, modification de toute ou partie du Site, sans autorisation expresse de l\u2019Editeur est prohib\u00e9e et pourra entra\u00eener des actions et poursuites judiciaires telles que pr\u00e9vues par la r\u00e8glementation en vigueur.<span>&nbsp;<\/span><\/p><p style=\"margin-right: 0px; margin-bottom: 0px; margin-left: 0px; font-variant-numeric: normal; font-variant-east-asian: normal; font-variant-alternates: normal; font-kerning: auto; font-optical-sizing: auto; font-feature-settings: normal; font-variation-settings: normal; font-variant-position: normal; font-stretch: normal; font-size: 13px; line-height: normal; font-family: &quot;Helvetica Neue&quot;; color: rgb(0, 0, 0);\"><span><br><\/span><\/p><p style=\"margin-right: 0px; margin-bottom: 0px; margin-left: 0px; font-variant-numeric: normal; font-variant-east-asian: normal; font-variant-alternates: normal; font-kerning: auto; font-optical-sizing: auto; font-feature-settings: normal; font-variation-settings: normal; font-variant-position: normal; font-stretch: normal; font-size: 13px; line-height: normal; font-family: &quot;Helvetica Neue&quot;; color: rgb(0, 0, 0);\"><span><br><\/span><\/p><p style=\"margin-right: 0px; margin-bottom: 0px; margin-left: 0px; font-variant-numeric: normal; font-variant-east-asian: normal; font-variant-alternates: normal; font-kerning: auto; font-optical-sizing: auto; font-feature-settings: normal; font-variation-settings: normal; font-variant-position: normal; font-stretch: normal; font-size: 13px; line-height: normal; font-family: &quot;Helvetica Neue&quot;; color: rgb(0, 0, 0);\"><span>Mentions en vigueur le 22\/08\/2024<\/span><\/p>\n<p style=\"margin-right: 0px; margin-bottom: 0px; margin-left: 0px; font-variant-numeric: normal; font-variant-east-asian: normal; font-variant-alternates: normal; font-kerning: auto; font-optical-sizing: auto; font-feature-settings: normal; font-variation-settings: normal; font-variant-position: normal; font-stretch: normal; font-size: 13px; line-height: normal; font-family: &quot;Helvetica Neue&quot;; color: rgb(0, 0, 0);\"><br><\/p>\n<div title=\"Page 2\">\n<div>\n<div>\n<\/div>\n<\/div>\n<\/div>\n<p><\/p>\t\t\t\t\t\t\t\t<\/div>\n\t\t\t\t<\/div>\n\t\t\t\t\t<\/div>\n\t\t<\/div>\n\t\t\t\t\t<\/div>\n\t\t<\/section>\n\t\t\t\t<\/div>","protected":false},"excerpt":{"rendered":"<p>Conform\u00e9ment aux dispositions de la loi n\u00b02004-575 du 21 juin 2004 pour la Confiance en l\u2019\u00e9conomie num\u00e9rique, il est port\u00e9 \u00e0 la connaissance des utilisateurs et visiteurs, ci-apr\u00e8s l&#8217; &#8220;Utilisateur&#8220;, du site www.glssecurity.fr , ci-apr\u00e8s le &#8220;Site&#8220;, les pr\u00e9sentes mentions l\u00e9gales.&nbsp; La connexion et la navigation sur le Site par l\u2019Utilisateur implique acceptation int\u00e9grale et [&hellip;]<\/p>\n","protected":false},"author":1,"featured_media":0,"parent":0,"menu_order":0,"comment_status":"closed","ping_status":"closed","template":"","meta":{"footnotes":""},"class_list":["post-2","page","type-page","status-publish","hentry"],"yoast_head":"<!-- This site is optimized with the Yoast SEO plugin v27.5 - https:\/\/yoast.com\/product\/yoast-seo-wordpress\/ -->\n<title>Mentions L\u00e9gales - Groupe Lavagna S\u00e9curit\u00e9<\/title>\n<meta name=\"robots\" content=\"index, follow, max-snippet:-1, max-image-preview:large, max-video-preview:-1\" \/>\n<link rel=\"canonical\" href=\"https:\/\/www.glssecurity.fr\/en\/mentionslegales\/\" \/>\n<meta property=\"og:locale\" content=\"en_GB\" \/>\n<meta property=\"og:type\" content=\"article\" \/>\n<meta property=\"og:title\" content=\"Mentions L\u00e9gales - Groupe Lavagna S\u00e9curit\u00e9\" \/>\n<meta property=\"og:description\" content=\"Conform\u00e9ment aux dispositions de la loi n\u00b02004-575 du 21 juin 2004 pour la Confiance en l\u2019\u00e9conomie num\u00e9rique, il est port\u00e9 \u00e0 la connaissance des utilisateurs et visiteurs, ci-apr\u00e8s l&#8217; &#8220;Utilisateur&#8220;, du site www.glssecurity.fr , ci-apr\u00e8s le &#8220;Site&#8220;, les pr\u00e9sentes mentions l\u00e9gales.&nbsp; La connexion et la navigation sur le Site par l\u2019Utilisateur implique acceptation int\u00e9grale et [&hellip;]\" \/>\n<meta property=\"og:url\" content=\"https:\/\/www.glssecurity.fr\/en\/mentionslegales\/\" \/>\n<meta property=\"og:site_name\" content=\"Groupe Lavagna S\u00e9curit\u00e9\" \/>\n<meta property=\"article:modified_time\" content=\"2024-08-22T16:24:28+00:00\" \/>\n<meta name=\"twitter:card\" content=\"summary_large_image\" \/>\n<meta name=\"twitter:label1\" content=\"Estimated reading time\" \/>\n\t<meta name=\"twitter:data1\" content=\"2 minutes\" \/>\n<script type=\"application\/ld+json\" class=\"yoast-schema-graph\">{\"@context\":\"https:\\\/\\\/schema.org\",\"@graph\":[{\"@type\":\"WebPage\",\"@id\":\"https:\\\/\\\/www.glssecurity.fr\\\/mentionslegales\\\/\",\"url\":\"https:\\\/\\\/www.glssecurity.fr\\\/mentionslegales\\\/\",\"name\":\"Mentions L\u00e9gales - Groupe Lavagna S\u00e9curit\u00e9\",\"isPartOf\":{\"@id\":\"https:\\\/\\\/www.glssecurity.fr\\\/#website\"},\"datePublished\":\"2024-08-22T14:54:47+00:00\",\"dateModified\":\"2024-08-22T16:24:28+00:00\",\"breadcrumb\":{\"@id\":\"https:\\\/\\\/www.glssecurity.fr\\\/mentionslegales\\\/#breadcrumb\"},\"inLanguage\":\"en-GB\",\"potentialAction\":[{\"@type\":\"ReadAction\",\"target\":[\"https:\\\/\\\/www.glssecurity.fr\\\/mentionslegales\\\/\"]}]},{\"@type\":\"BreadcrumbList\",\"@id\":\"https:\\\/\\\/www.glssecurity.fr\\\/mentionslegales\\\/#breadcrumb\",\"itemListElement\":[{\"@type\":\"ListItem\",\"position\":1,\"name\":\"Accueil\",\"item\":\"https:\\\/\\\/www.glssecurity.fr\\\/\"},{\"@type\":\"ListItem\",\"position\":2,\"name\":\"Mentions L\u00e9gales\"}]},{\"@type\":\"WebSite\",\"@id\":\"https:\\\/\\\/www.glssecurity.fr\\\/#website\",\"url\":\"https:\\\/\\\/www.glssecurity.fr\\\/\",\"name\":\"Groupe Lavagna S\u00e9curit\u00e9\",\"description\":\"Un nouveau regard sur votre s\u00e9curit\u00e9\",\"publisher\":{\"@id\":\"https:\\\/\\\/www.glssecurity.fr\\\/#organization\"},\"potentialAction\":[{\"@type\":\"SearchAction\",\"target\":{\"@type\":\"EntryPoint\",\"urlTemplate\":\"https:\\\/\\\/www.glssecurity.fr\\\/?s={search_term_string}\"},\"query-input\":{\"@type\":\"PropertyValueSpecification\",\"valueRequired\":true,\"valueName\":\"search_term_string\"}}],\"inLanguage\":\"en-GB\"},{\"@type\":\"Organization\",\"@id\":\"https:\\\/\\\/www.glssecurity.fr\\\/#organization\",\"name\":\"Groupe Lavagna S\u00e9curit\u00e9\",\"url\":\"https:\\\/\\\/www.glssecurity.fr\\\/\",\"logo\":{\"@type\":\"ImageObject\",\"inLanguage\":\"en-GB\",\"@id\":\"https:\\\/\\\/www.glssecurity.fr\\\/#\\\/schema\\\/logo\\\/image\\\/\",\"url\":\"https:\\\/\\\/www.glssecurity.fr\\\/wp-content\\\/uploads\\\/2024\\\/07\\\/cropped-LOGO-GROUPE-LAVAGNA-SECURITE-carre-250x.png\",\"contentUrl\":\"https:\\\/\\\/www.glssecurity.fr\\\/wp-content\\\/uploads\\\/2024\\\/07\\\/cropped-LOGO-GROUPE-LAVAGNA-SECURITE-carre-250x.png\",\"width\":250,\"height\":250,\"caption\":\"Groupe Lavagna S\u00e9curit\u00e9\"},\"image\":{\"@id\":\"https:\\\/\\\/www.glssecurity.fr\\\/#\\\/schema\\\/logo\\\/image\\\/\"}}]}<\/script>\n<!-- \/ Yoast SEO plugin. -->","yoast_head_json":{"title":"Mentions L\u00e9gales - Groupe Lavagna S\u00e9curit\u00e9","robots":{"index":"index","follow":"follow","max-snippet":"max-snippet:-1","max-image-preview":"max-image-preview:large","max-video-preview":"max-video-preview:-1"},"canonical":"https:\/\/www.glssecurity.fr\/en\/mentionslegales\/","og_locale":"en_GB","og_type":"article","og_title":"Mentions L\u00e9gales - Groupe Lavagna S\u00e9curit\u00e9","og_description":"Conform\u00e9ment aux dispositions de la loi n\u00b02004-575 du 21 juin 2004 pour la Confiance en l\u2019\u00e9conomie num\u00e9rique, il est port\u00e9 \u00e0 la connaissance des utilisateurs et visiteurs, ci-apr\u00e8s l&#8217; &#8220;Utilisateur&#8220;, du site www.glssecurity.fr , ci-apr\u00e8s le &#8220;Site&#8220;, les pr\u00e9sentes mentions l\u00e9gales.&nbsp; La connexion et la navigation sur le Site par l\u2019Utilisateur implique acceptation int\u00e9grale et [&hellip;]","og_url":"https:\/\/www.glssecurity.fr\/en\/mentionslegales\/","og_site_name":"Groupe Lavagna S\u00e9curit\u00e9","article_modified_time":"2024-08-22T16:24:28+00:00","twitter_card":"summary_large_image","twitter_misc":{"Estimated reading time":"2 minutes"},"schema":{"@context":"https:\/\/schema.org","@graph":[{"@type":"WebPage","@id":"https:\/\/www.glssecurity.fr\/mentionslegales\/","url":"https:\/\/www.glssecurity.fr\/mentionslegales\/","name":"Mentions L\u00e9gales - Groupe Lavagna S\u00e9curit\u00e9","isPartOf":{"@id":"https:\/\/www.glssecurity.fr\/#website"},"datePublished":"2024-08-22T14:54:47+00:00","dateModified":"2024-08-22T16:24:28+00:00","breadcrumb":{"@id":"https:\/\/www.glssecurity.fr\/mentionslegales\/#breadcrumb"},"inLanguage":"en-GB","potentialAction":[{"@type":"ReadAction","target":["https:\/\/www.glssecurity.fr\/mentionslegales\/"]}]},{"@type":"BreadcrumbList","@id":"https:\/\/www.glssecurity.fr\/mentionslegales\/#breadcrumb","itemListElement":[{"@type":"ListItem","position":1,"name":"Accueil","item":"https:\/\/www.glssecurity.fr\/"},{"@type":"ListItem","position":2,"name":"Mentions L\u00e9gales"}]},{"@type":"WebSite","@id":"https:\/\/www.glssecurity.fr\/#website","url":"https:\/\/www.glssecurity.fr\/","name":"Groupe Lavagna S\u00e9curit\u00e9","description":"A new look at your security","publisher":{"@id":"https:\/\/www.glssecurity.fr\/#organization"},"potentialAction":[{"@type":"SearchAction","target":{"@type":"EntryPoint","urlTemplate":"https:\/\/www.glssecurity.fr\/?s={search_term_string}"},"query-input":{"@type":"PropertyValueSpecification","valueRequired":true,"valueName":"search_term_string"}}],"inLanguage":"en-GB"},{"@type":"Organization","@id":"https:\/\/www.glssecurity.fr\/#organization","name":"Groupe Lavagna S\u00e9curit\u00e9","url":"https:\/\/www.glssecurity.fr\/","logo":{"@type":"ImageObject","inLanguage":"en-GB","@id":"https:\/\/www.glssecurity.fr\/#\/schema\/logo\/image\/","url":"https:\/\/www.glssecurity.fr\/wp-content\/uploads\/2024\/07\/cropped-LOGO-GROUPE-LAVAGNA-SECURITE-carre-250x.png","contentUrl":"https:\/\/www.glssecurity.fr\/wp-content\/uploads\/2024\/07\/cropped-LOGO-GROUPE-LAVAGNA-SECURITE-carre-250x.png","width":250,"height":250,"caption":"Groupe Lavagna S\u00e9curit\u00e9"},"image":{"@id":"https:\/\/www.glssecurity.fr\/#\/schema\/logo\/image\/"}}]}},"_links":{"self":[{"href":"https:\/\/www.glssecurity.fr\/en\/wp-json\/wp\/v2\/pages\/2","targetHints":{"allow":["GET"]}}],"collection":[{"href":"https:\/\/www.glssecurity.fr\/en\/wp-json\/wp\/v2\/pages"}],"about":[{"href":"https:\/\/www.glssecurity.fr\/en\/wp-json\/wp\/v2\/types\/page"}],"author":[{"embeddable":true,"href":"https:\/\/www.glssecurity.fr\/en\/wp-json\/wp\/v2\/users\/1"}],"replies":[{"embeddable":true,"href":"https:\/\/www.glssecurity.fr\/en\/wp-json\/wp\/v2\/comments?post=2"}],"version-history":[{"count":10,"href":"https:\/\/www.glssecurity.fr\/en\/wp-json\/wp\/v2\/pages\/2\/revisions"}],"predecessor-version":[{"id":3165,"href":"https:\/\/www.glssecurity.fr\/en\/wp-json\/wp\/v2\/pages\/2\/revisions\/3165"}],"wp:attachment":[{"href":"https:\/\/www.glssecurity.fr\/en\/wp-json\/wp\/v2\/media?parent=2"}],"curies":[{"name":"wp","href":"https:\/\/api.w.org\/{rel}","templated":true}]}}